{"id":473,"date":"2020-10-09T11:56:46","date_gmt":"2020-10-09T14:56:46","guid":{"rendered":"http:\/\/catacargo.com\/cargasyencomiendas\/prueba\/?page_id=473"},"modified":"2020-10-19T09:38:44","modified_gmt":"2020-10-19T12:38:44","slug":"empresas","status":"publish","type":"page","link":"https:\/\/catacargo.com\/cargasyencomiendas\/empresas\/","title":{"rendered":"EMPRESA"},"content":{"rendered":"<p>[et_pb_section fb_built=&#8221;1&#8243; disabled_on=&#8221;on|off|off&#8221; _builder_version=&#8221;3.12.2&#8243; use_background_color_gradient=&#8221;on&#8221; background_color_gradient_start=&#8221;#E20613&#8243; background_color_gradient_end=&#8221;#E1BE7B&#8221; background_color_gradient_direction=&#8221;60deg&#8221; background_image=&#8221;http:\/\/catacargo.com\/cargasyencomiendas\/wp-content\/uploads\/2020\/10\/Empresa2.jpg&#8221; custom_padding=&#8221;0|0px|74px|0px|false|false&#8221;][et_pb_row _builder_version=&#8221;3.12.2&#8243;][et_pb_column type=&#8221;4_4&#8243; _builder_version=&#8221;3.12.2&#8243; parallax=&#8221;off&#8221; parallax_method=&#8221;on&#8221;][et_pb_text _builder_version=&#8221;3.12.2&#8243; text_font=&#8221;||||||||&#8221; header_font=&#8221;Source Sans Pro||||||||&#8221; header_text_align=&#8221;right&#8221; header_text_color=&#8221;#ffffff&#8221; header_font_size=&#8221;47px&#8221; header_text_shadow_style=&#8221;preset2&#8243; custom_margin=&#8221;78px|||&#8221;]<\/p>\n<h1>TODO LO QUE QUIERAS ENVIAR<\/h1>\n<p>[\/et_pb_text][et_pb_text _builder_version=&#8221;3.12.2&#8243; text_font=&#8221;||||||||&#8221; header_font=&#8221;||||||||&#8221; header_2_font=&#8221;|800|||||||&#8221; header_2_text_align=&#8221;right&#8221; header_2_text_color=&#8221;#ffffff&#8221; header_2_font_size=&#8221;44px&#8221; header_2_text_shadow_style=&#8221;preset2&#8243; custom_margin=&#8221;-37px|||&#8221;]<\/p>\n<h2>NOSOTROS LO LLEVAMOS<\/h2>\n<p>[\/et_pb_text][\/et_pb_column][\/et_pb_row][\/et_pb_section][et_pb_section fb_built=&#8221;1&#8243; disabled_on=&#8221;off|on|on&#8221; _builder_version=&#8221;3.12.2&#8243; background_image=&#8221;http:\/\/catacargo.com\/cargasyencomiendas\/wp-content\/uploads\/2020\/10\/CARGO-Empresa-Section01.png&#8221;][et_pb_row _builder_version=&#8221;3.12.2&#8243;][et_pb_column type=&#8221;4_4&#8243; _builder_version=&#8221;3.12.2&#8243; parallax=&#8221;off&#8221; parallax_method=&#8221;on&#8221;][et_pb_text _builder_version=&#8221;3.12.2&#8243; text_font=&#8221;||||||||&#8221; header_font=&#8221;Source Sans Pro||||||||&#8221; header_text_align=&#8221;right&#8221; header_text_color=&#8221;#ffffff&#8221; header_font_size=&#8221;47px&#8221; header_text_shadow_style=&#8221;preset2&#8243;]<\/p>\n<h1>TODO LO QUE QUIERAS ENVIAR<\/h1>\n<p>[\/et_pb_text][et_pb_text _builder_version=&#8221;3.12.2&#8243; text_font=&#8221;||||||||&#8221; header_font=&#8221;||||||||&#8221; header_2_font=&#8221;|800|||||||&#8221; header_2_text_align=&#8221;right&#8221; header_2_text_color=&#8221;#ffffff&#8221; header_2_font_size=&#8221;44px&#8221; header_2_text_shadow_style=&#8221;preset2&#8243; custom_margin=&#8221;-37px|||&#8221;]<\/p>\n<h2>NOSOTROS LO LLEVAMOS<\/h2>\n<p>[\/et_pb_text][\/et_pb_column][\/et_pb_row][\/et_pb_section][et_pb_section fb_built=&#8221;1&#8243; _builder_version=&#8221;3.12.2&#8243;][et_pb_row _builder_version=&#8221;3.12.2&#8243;][et_pb_column type=&#8221;4_4&#8243; _builder_version=&#8221;3.12.2&#8243; parallax=&#8221;off&#8221; parallax_method=&#8221;on&#8221;][et_pb_text _builder_version=&#8221;3.12.2&#8243; text_font=&#8221;Source Sans Pro||||||||&#8221; text_font_size=&#8221;23px&#8221; text_line_height=&#8221;2.2em&#8221;]<\/p>\n<p>Somos la unidad de log\u00edstica de <strong>CATA Internacional.<\/strong> Brindamos servicio de transporte de cargas, y encomiendas a las ciudades m\u00e1s importantes del pa\u00eds.<\/p>\n<p>A trav\u00e9s de nuestras modernas unidades y veh\u00edculos especializados garantizamos la seguridad de sus env\u00edos.<\/p>\n<p>Gracias al respaldo, trayectoria y cobertura de <strong>CATA Internacional,<\/strong> contamos con una amplia red de receptor\u00edas y grandes dep\u00f3sitos de almacenamiento.<\/p>\n<p>Trabajamos con compromiso, seguridad y rapidez, para ofrecerte<br \/> <em><strong>&#8220;el camino m\u00e1s seguro para tu env\u00edo&#8221;.<\/strong><\/em><\/p>\n<p>[\/et_pb_text][et_pb_image src=&#8221;http:\/\/catacargo.com\/cargasyencomiendas\/wp-content\/uploads\/2020\/10\/CR-Boxbox_524214037.psd-1.png&#8221; align=&#8221;right&#8221; _builder_version=&#8221;3.12.2&#8243;][\/et_pb_image][\/et_pb_column][\/et_pb_row][\/et_pb_section][et_pb_section fb_built=&#8221;1&#8243; _builder_version=&#8221;3.12.2&#8243; custom_padding=&#8221;0|0px|54px|0px|false|false&#8221;][\/et_pb_section]<\/p>\n","protected":false},"excerpt":{"rendered":"<p>[et_pb_section fb_built=&#8221;1&#8243; disabled_on=&#8221;on|off|off&#8221; _builder_version=&#8221;3.12.2&#8243; use_background_color_gradient=&#8221;on&#8221; background_color_gradient_start=&#8221;#E20613&#8243; background_color_gradient_end=&#8221;#E1BE7B&#8221; background_color_gradient_direction=&#8221;60deg&#8221; background_image=&#8221;http:\/\/catacargo.com\/cargasyencomiendas\/wp-content\/uploads\/2020\/10\/Empresa2.jpg&#8221; custom_padding=&#8221;0|0px|74px|0px|false|false&#8221;][et_pb_row _builder_version=&#8221;3.12.2&#8243;][et_pb_column type=&#8221;4_4&#8243; _builder_version=&#8221;3.12.2&#8243; parallax=&#8221;off&#8221; parallax_method=&#8221;on&#8221;][et_pb_text _builder_version=&#8221;3.12.2&#8243; text_font=&#8221;||||||||&#8221; header_font=&#8221;Source Sans Pro||||||||&#8221; header_text_align=&#8221;right&#8221; header_text_color=&#8221;#ffffff&#8221; header_font_size=&#8221;47px&#8221; header_text_shadow_style=&#8221;preset2&#8243; custom_margin=&#8221;78px|||&#8221;] TODO LO QUE QUIERAS ENVIAR [\/et_pb_text][et_pb_text _builder_version=&#8221;3.12.2&#8243; text_font=&#8221;||||||||&#8221; header_font=&#8221;||||||||&#8221; header_2_font=&#8221;|800|||||||&#8221; header_2_text_align=&#8221;right&#8221; header_2_text_color=&#8221;#ffffff&#8221; header_2_font_size=&#8221;44px&#8221; header_2_text_shadow_style=&#8221;preset2&#8243; custom_margin=&#8221;-37px|||&#8221;] NOSOTROS LO LLEVAMOS [\/et_pb_text][\/et_pb_column][\/et_pb_row][\/et_pb_section][et_pb_section fb_built=&#8221;1&#8243; disabled_on=&#8221;off|on|on&#8221; _builder_version=&#8221;3.12.2&#8243; background_image=&#8221;http:\/\/catacargo.com\/cargasyencomiendas\/wp-content\/uploads\/2020\/10\/CARGO-Empresa-Section01.png&#8221;][et_pb_row _builder_version=&#8221;3.12.2&#8243;][et_pb_column type=&#8221;4_4&#8243; _builder_version=&#8221;3.12.2&#8243; parallax=&#8221;off&#8221; parallax_method=&#8221;on&#8221;][et_pb_text _builder_version=&#8221;3.12.2&#8243; text_font=&#8221;||||||||&#8221; [&hellip;]<\/p>\n","protected":false},"author":1,"featured_media":0,"parent":0,"menu_order":0,"comment_status":"closed","ping_status":"closed","template":"","meta":{"footnotes":""},"class_list":["post-473","page","type-page","status-publish","hentry"],"_links":{"self":[{"href":"https:\/\/catacargo.com\/cargasyencomiendas\/wp-json\/wp\/v2\/pages\/473","targetHints":{"allow":["GET"]}}],"collection":[{"href":"https:\/\/catacargo.com\/cargasyencomiendas\/wp-json\/wp\/v2\/pages"}],"about":[{"href":"https:\/\/catacargo.com\/cargasyencomiendas\/wp-json\/wp\/v2\/types\/page"}],"author":[{"embeddable":true,"href":"https:\/\/catacargo.com\/cargasyencomiendas\/wp-json\/wp\/v2\/users\/1"}],"replies":[{"embeddable":true,"href":"https:\/\/catacargo.com\/cargasyencomiendas\/wp-json\/wp\/v2\/comments?post=473"}],"version-history":[{"count":8,"href":"https:\/\/catacargo.com\/cargasyencomiendas\/wp-json\/wp\/v2\/pages\/473\/revisions"}],"predecessor-version":[{"id":703,"href":"https:\/\/catacargo.com\/cargasyencomiendas\/wp-json\/wp\/v2\/pages\/473\/revisions\/703"}],"wp:attachment":[{"href":"https:\/\/catacargo.com\/cargasyencomiendas\/wp-json\/wp\/v2\/media?parent=473"}],"curies":[{"name":"wp","href":"https:\/\/api.w.org\/{rel}","templated":true}]}}