{"id":361,"date":"2020-10-07T09:25:26","date_gmt":"2020-10-07T12:25:26","guid":{"rendered":"http:\/\/catacargo.com\/cargasyencomiendas\/prueba\/?page_id=361"},"modified":"2021-04-06T15:23:53","modified_gmt":"2021-04-06T18:23:53","slug":"inicio","status":"publish","type":"page","link":"https:\/\/catacargo.com\/cargasyencomiendas\/","title":{"rendered":"Inicio"},"content":{"rendered":"<p>[et_pb_section fb_built=&#8221;1&#8243; disabled_on=&#8221;on|off|off&#8221; _builder_version=&#8221;3.12.2&#8243; background_image=&#8221;http:\/\/catacargo.com\/cargasyencomiendas\/wp-content\/uploads\/2020\/10\/CARGO-Back3.jpg&#8221; custom_padding=&#8221;656px|0px|0|0px|false|false&#8221;][et_pb_row _builder_version=&#8221;3.12.2&#8243;][et_pb_column type=&#8221;4_4&#8243; _builder_version=&#8221;3.12.2&#8243; parallax=&#8221;off&#8221; parallax_method=&#8221;on&#8221;][et_pb_text _builder_version=&#8221;3.12.2&#8243; header_font=&#8221;Source Sans Pro|700|||||||&#8221; header_text_align=&#8221;right&#8221; header_text_color=&#8221;#ffffff&#8221; header_font_size=&#8221;92px&#8221; header_text_shadow_style=&#8221;preset2&#8243; custom_margin=&#8221;-482px|||&#8221;]<\/p>\n<h1>CATA CARGO<\/h1>\n<p>[\/et_pb_text][et_pb_text _builder_version=&#8221;3.12.2&#8243; text_font=&#8221;||||||||&#8221; text_font_size=&#8221;15px&#8221; text_text_shadow_style=&#8221;preset2&#8243; header_font=&#8221;||||||||&#8221; header_2_font=&#8221;Source Sans Pro||||||||&#8221; header_2_text_align=&#8221;right&#8221; header_2_text_color=&#8221;#ffffff&#8221; header_2_font_size=&#8221;60px&#8221; header_2_font_size_tablet=&#8221;56px&#8221; header_2_font_size_phone=&#8221;41px&#8221; header_2_font_size_last_edited=&#8221;on|phone&#8221; header_2_text_shadow_style=&#8221;preset2&#8243; text_orientation=&#8221;right&#8221;]<\/p>\n<h2>CARGAS Y ENCOMIENDAS<\/h2>\n<p>[\/et_pb_text][\/et_pb_column][\/et_pb_row][et_pb_row _builder_version=&#8221;3.12.2&#8243;][et_pb_column type=&#8221;4_4&#8243; _builder_version=&#8221;3.12.2&#8243; parallax=&#8221;off&#8221; parallax_method=&#8221;on&#8221;][\/et_pb_column][\/et_pb_row][\/et_pb_section][et_pb_section fb_built=&#8221;1&#8243; disabled_on=&#8221;off|on|on&#8221; _builder_version=&#8221;3.12.2&#8243; background_image=&#8221;http:\/\/catacargo.com\/cargasyencomiendas\/wp-content\/uploads\/2020\/10\/CARGO-section-mobile03.png&#8221; custom_padding=&#8221;182px|0px|171px|0px|false|false&#8221;][et_pb_row custom_padding=&#8221;0|0px|30px|0px|false|false&#8221; _builder_version=&#8221;3.12.2&#8243;][et_pb_column type=&#8221;4_4&#8243; _builder_version=&#8221;3.12.2&#8243; parallax=&#8221;off&#8221; parallax_method=&#8221;on&#8221;][et_pb_text _builder_version=&#8221;3.12.2&#8243; text_font=&#8221;||||||||&#8221; header_font=&#8221;Source Sans Pro|700|||||||&#8221; header_text_align=&#8221;right&#8221; header_text_color=&#8221;#ffffff&#8221; header_font_size=&#8221;55px&#8221; header_text_shadow_style=&#8221;preset1&#8243; custom_margin=&#8221;-30px||2px|&#8221; custom_padding=&#8221;13px||17px|&#8221;]<\/p>\n<h1>CATA CARGO<\/h1>\n<p>[\/et_pb_text][et_pb_text _builder_version=&#8221;3.12.2&#8243; header_font=&#8221;||||||||&#8221; header_2_font=&#8221;Source Sans Pro||||||||&#8221; header_2_text_align=&#8221;right&#8221; header_2_text_color=&#8221;#ffffff&#8221; header_2_text_shadow_style=&#8221;preset1&#8243;]<\/p>\n<h2>CARGAS Y<\/h2>\n<h2>ENCOMIENDAS<\/h2>\n<p>[\/et_pb_text][\/et_pb_column][\/et_pb_row][\/et_pb_section][et_pb_section fb_built=&#8221;1&#8243; _builder_version=&#8221;3.12.2&#8243; custom_padding=&#8221;93px|0px|54px|0px|false|false&#8221;][et_pb_row custom_padding=&#8221;27px|0px|76px|0px|false|false&#8221; _builder_version=&#8221;3.12.2&#8243;][et_pb_column type=&#8221;1_4&#8243; _builder_version=&#8221;3.12.2&#8243; parallax=&#8221;off&#8221; parallax_method=&#8221;on&#8221;][et_pb_divider color=&#8221;#E30613&#8243; _builder_version=&#8221;3.12.2&#8243;][\/et_pb_divider][\/et_pb_column][et_pb_column type=&#8221;1_2&#8243; _builder_version=&#8221;3.12.2&#8243; parallax=&#8221;off&#8221; parallax_method=&#8221;on&#8221;][et_pb_text _builder_version=&#8221;3.12.2&#8243; text_font=&#8221;Source Sans Pro||||||||&#8221; text_text_color=&#8221;#e30613&#8243; text_font_size=&#8221;31px&#8221; header_font=&#8221;||||||||&#8221; header_text_color=&#8221;#e30613&#8243; header_font_size=&#8221;50px&#8221; header_3_font=&#8221;||||||||&#8221; header_3_text_color=&#8221;#e30613&#8243; header_3_font_size=&#8221;38px&#8221; text_orientation=&#8221;center&#8221; custom_margin=&#8221;-26px|||&#8221;]<\/p>\n<h3>TODO LO QUE QUIERAS ENVIAR, NOSOTROS LO LLEVAMOS<\/h3>\n<p>[\/et_pb_text][\/et_pb_column][et_pb_column type=&#8221;1_4&#8243; _builder_version=&#8221;3.12.2&#8243; parallax=&#8221;off&#8221; parallax_method=&#8221;on&#8221;][et_pb_divider color=&#8221;#E30613&#8243; _builder_version=&#8221;3.12.2&#8243;][\/et_pb_divider][\/et_pb_column][\/et_pb_row][et_pb_row _builder_version=&#8221;3.12.2&#8243;][et_pb_column type=&#8221;1_3&#8243; _builder_version=&#8221;3.12.2&#8243; parallax=&#8221;off&#8221; parallax_method=&#8221;on&#8221;][et_pb_image src=&#8221;http:\/\/catacargo.com\/cargasyencomiendas\/wp-content\/uploads\/2020\/10\/CR-01Asset-2.png&#8221; align=&#8221;center&#8221; _builder_version=&#8221;3.12.2&#8243; animation_style=&#8221;zoom&#8221;][\/et_pb_image][et_pb_text _builder_version=&#8221;3.12.2&#8243; text_font=&#8221;||||||||&#8221; header_font=&#8221;|700|||||||&#8221; header_4_font=&#8221;Source Sans Pro|600|||||||&#8221; header_4_text_align=&#8221;center&#8221; header_4_text_color=&#8221;#565656&#8243; header_4_font_size=&#8221;34px&#8221;]<\/p>\n<h4>ENCOMIENDAS<\/h4>\n<p>[\/et_pb_text][\/et_pb_column][et_pb_column type=&#8221;1_3&#8243; _builder_version=&#8221;3.12.2&#8243; parallax=&#8221;off&#8221; parallax_method=&#8221;on&#8221;][et_pb_image src=&#8221;http:\/\/catacargo.com\/cargasyencomiendas\/wp-content\/uploads\/2020\/10\/CR-02Asset-3.png&#8221; align=&#8221;center&#8221; _builder_version=&#8221;3.12.2&#8243; animation_style=&#8221;zoom&#8221;][\/et_pb_image][et_pb_text _builder_version=&#8221;3.12.2&#8243; text_font=&#8221;||||||||&#8221; header_font=&#8221;||||||||&#8221; header_4_font=&#8221;Source Sans Pro|600|||||||&#8221; header_4_text_align=&#8221;center&#8221; header_4_text_color=&#8221;#565656&#8243; header_4_font_size=&#8221;34px&#8221; custom_margin=&#8221;-8px|||&#8221;]<\/p>\n<h4>CARGAS<\/h4>\n<p>[\/et_pb_text][\/et_pb_column][et_pb_column type=&#8221;1_3&#8243; _builder_version=&#8221;3.12.2&#8243; parallax=&#8221;off&#8221; parallax_method=&#8221;on&#8221;][et_pb_image src=&#8221;http:\/\/catacargo.com\/cargasyencomiendas\/wp-content\/uploads\/2020\/10\/CR-03Asset-4.png&#8221; align=&#8221;center&#8221; _builder_version=&#8221;3.12.2&#8243; animation_style=&#8221;zoom&#8221;][\/et_pb_image][et_pb_text _builder_version=&#8221;3.12.2&#8243; text_font=&#8221;||||||||&#8221; header_font=&#8221;||||||||&#8221; header_4_font=&#8221;Source Sans Pro|600|||||||&#8221; header_4_text_align=&#8221;center&#8221; header_4_text_color=&#8221;#565656&#8243; header_4_font_size=&#8221;34px&#8221; custom_margin=&#8221;-7px|||&#8221;]<\/p>\n<h4>DOCUMENTACI\u00d3N<\/h4>\n<p>[\/et_pb_text][\/et_pb_column][\/et_pb_row][et_pb_row _builder_version=&#8221;3.12.2&#8243;][et_pb_column type=&#8221;4_4&#8243; _builder_version=&#8221;3.12.2&#8243; parallax=&#8221;off&#8221; parallax_method=&#8221;on&#8221;][et_pb_divider color=&#8221;#E30613&#8243; _builder_version=&#8221;3.12.2&#8243;][\/et_pb_divider][\/et_pb_column][\/et_pb_row][et_pb_row _builder_version=&#8221;3.12.2&#8243;][et_pb_column type=&#8221;1_3&#8243; _builder_version=&#8221;3.12.2&#8243; parallax=&#8221;off&#8221; parallax_method=&#8221;on&#8221;][et_pb_image src=&#8221;http:\/\/catacargo.com\/cargasyencomiendas\/wp-content\/uploads\/2020\/10\/CR-04Asset-5.png&#8221; _builder_version=&#8221;3.12.2&#8243; animation_style=&#8221;zoom&#8221;][\/et_pb_image][\/et_pb_column][et_pb_column type=&#8221;2_3&#8243; _builder_version=&#8221;3.12.2&#8243; parallax=&#8221;off&#8221; parallax_method=&#8221;on&#8221;][et_pb_text _builder_version=&#8221;3.12.2&#8243; text_font=&#8221;||||||||&#8221; header_font=&#8221;|700|||||||&#8221; header_text_color=&#8221;#e30613&#8243; header_4_font=&#8221;Source Sans Pro|600|||||||&#8221; header_4_text_align=&#8221;center&#8221; header_4_text_color=&#8221;#e30613&#8243; header_4_font_size=&#8221;43px&#8221;]<\/p>\n<h4>Segu\u00ed tu env\u00edo<\/h4>\n<p>[\/et_pb_text][et_pb_text _builder_version=&#8221;3.12.2&#8243; text_font=&#8221;||||||||&#8221; text_font_size=&#8221;22px&#8221; header_font=&#8221;||||||||&#8221; text_orientation=&#8221;center&#8221;]<\/p>\n<p>CONSULT\u00c1 EL TRAYECTO DE TU ENV\u00cdO<\/p>\n<p>[\/et_pb_text][et_pb_button button_url=&#8221;mend.pxp.sisorgcloud.com\/PXPOnline\/Tracking.aspx&#8221; url_new_window=&#8221;on&#8221; button_text=&#8221;SEGUIR&#8221; button_alignment=&#8221;center&#8221; _builder_version=&#8221;3.12.2&#8243; custom_button=&#8221;on&#8221; button_text_size=&#8221;22px&#8221; button_text_color=&#8221;#ffffff&#8221; button_bg_color=&#8221;#e20613&#8243; button_font=&#8221;||||||||&#8221;][\/et_pb_button][\/et_pb_column][\/et_pb_row][et_pb_row _builder_version=&#8221;3.12.2&#8243;][et_pb_column type=&#8221;1_2&#8243; _builder_version=&#8221;3.12.2&#8243; parallax=&#8221;off&#8221; parallax_method=&#8221;on&#8221;][et_pb_image src=&#8221;http:\/\/catacargo.com\/cargasyencomiendas\/wp-content\/uploads\/2020\/10\/CR-SectionAAsset-21.png&#8221; url=&#8221;http:\/\/catacargo.com\/cargasyencomiendas\/?page_id=463&#8243; _builder_version=&#8221;3.12.2&#8243;][\/et_pb_image][\/et_pb_column][et_pb_column type=&#8221;1_2&#8243; _builder_version=&#8221;3.12.2&#8243; parallax=&#8221;off&#8221; parallax_method=&#8221;on&#8221;][et_pb_image src=&#8221;http:\/\/catacargo.com\/cargasyencomiendas\/wp-content\/uploads\/2020\/10\/CR-SectionBAsset-22.png&#8221; url=&#8221;http:\/\/catacargo.com\/cargasyencomiendas\/?page_id=463&#8243; _builder_version=&#8221;3.12.2&#8243;][\/et_pb_image][\/et_pb_column][\/et_pb_row][et_pb_row custom_padding=&#8221;65px|0px|27px|0px|false|false&#8221; _builder_version=&#8221;3.12.2&#8243;][et_pb_column type=&#8221;1_3&#8243; _builder_version=&#8221;3.12.2&#8243; parallax=&#8221;off&#8221; parallax_method=&#8221;on&#8221;][et_pb_image src=&#8221;http:\/\/catacargo.com\/cargasyencomiendas\/wp-content\/uploads\/2020\/10\/CR-8Asset-13.png&#8221; align=&#8221;center&#8221; _builder_version=&#8221;3.12.2&#8243; animation_style=&#8221;fold&#8221; animation_direction=&#8221;top&#8221;][\/et_pb_image][et_pb_text _builder_version=&#8221;3.12.2&#8243; text_font=&#8221;Source Sans Pro||||||||&#8221; text_font_size=&#8221;25px&#8221; text_orientation=&#8221;center&#8221;]PUERTA A PUERTA[\/et_pb_text][\/et_pb_column][et_pb_column type=&#8221;1_3&#8243; _builder_version=&#8221;3.12.2&#8243; parallax=&#8221;off&#8221; parallax_method=&#8221;on&#8221;][et_pb_image src=&#8221;http:\/\/catacargo.com\/cargasyencomiendas\/wp-content\/uploads\/2020\/10\/CR-9Asset-14.png&#8221; align=&#8221;center&#8221; _builder_version=&#8221;3.12.2&#8243; animation_style=&#8221;fold&#8221; animation_direction=&#8221;top&#8221;][\/et_pb_image][et_pb_text _builder_version=&#8221;3.12.2&#8243; text_font=&#8221;Source Sans Pro||||||||&#8221; text_font_size=&#8221;25px&#8221; text_orientation=&#8221;center&#8221;]PAGO EN DESTINO[\/et_pb_text][\/et_pb_column][et_pb_column type=&#8221;1_3&#8243; _builder_version=&#8221;3.12.2&#8243; parallax=&#8221;off&#8221; parallax_method=&#8221;on&#8221;][et_pb_image src=&#8221;http:\/\/catacargo.com\/cargasyencomiendas\/wp-content\/uploads\/2020\/10\/CR-10Asset-15.png&#8221; align=&#8221;center&#8221; _builder_version=&#8221;3.12.2&#8243; animation_style=&#8221;fold&#8221; animation_direction=&#8221;top&#8221;][\/et_pb_image][et_pb_text _builder_version=&#8221;3.12.2&#8243; text_font=&#8221;Source Sans Pro||||||||&#8221; text_font_size=&#8221;25px&#8221; text_orientation=&#8221;center&#8221;]CONSOLIDADO[\/et_pb_text][\/et_pb_column][\/et_pb_row][et_pb_row custom_padding=&#8221;0|0px|69px|0px|false|false&#8221; _builder_version=&#8221;3.12.2&#8243;][et_pb_column type=&#8221;1_3&#8243; _builder_version=&#8221;3.12.2&#8243; parallax=&#8221;off&#8221; parallax_method=&#8221;on&#8221;][et_pb_image src=&#8221;http:\/\/catacargo.com\/cargasyencomiendas\/wp-content\/uploads\/2020\/10\/CR-16Asset-17.png&#8221; align=&#8221;center&#8221; _builder_version=&#8221;3.12.2&#8243; animation_style=&#8221;fold&#8221; animation_direction=&#8221;top&#8221;][\/et_pb_image][et_pb_text _builder_version=&#8221;3.12.2&#8243; text_font=&#8221;Source Sans Pro||||||||&#8221; text_font_size=&#8221;25px&#8221; text_orientation=&#8221;center&#8221;]PICKING[\/et_pb_text][\/et_pb_column][et_pb_column type=&#8221;1_3&#8243; _builder_version=&#8221;3.12.2&#8243; parallax=&#8221;off&#8221; parallax_method=&#8221;on&#8221;][et_pb_image src=&#8221;http:\/\/catacargo.com\/cargasyencomiendas\/wp-content\/uploads\/2020\/10\/CR-17Asset-18.png&#8221; align=&#8221;center&#8221; _builder_version=&#8221;3.12.2&#8243; animation_style=&#8221;fold&#8221; animation_direction=&#8221;top&#8221;][\/et_pb_image][et_pb_text _builder_version=&#8221;3.12.2&#8243; text_font=&#8221;Source Sans Pro||||||||&#8221; text_font_size=&#8221;25px&#8221; text_orientation=&#8221;center&#8221;]GUARDA[\/et_pb_text][\/et_pb_column][et_pb_column type=&#8221;1_3&#8243; _builder_version=&#8221;3.12.2&#8243; parallax=&#8221;off&#8221; parallax_method=&#8221;on&#8221;][et_pb_image src=&#8221;http:\/\/catacargo.com\/cargasyencomiendas\/wp-content\/uploads\/2020\/10\/CR-18Asset-19.png&#8221; align=&#8221;center&#8221; _builder_version=&#8221;3.12.2&#8243; animation_style=&#8221;fold&#8221; animation_direction=&#8221;top&#8221;][\/et_pb_image][et_pb_text _builder_version=&#8221;3.12.2&#8243; text_font=&#8221;Source Sans Pro||||||||&#8221; text_font_size=&#8221;25px&#8221; text_orientation=&#8221;center&#8221;]TRACKING[\/et_pb_text][\/et_pb_column][\/et_pb_row][et_pb_row _builder_version=&#8221;3.12.2&#8243; background_color=&#8221;#e1be7b&#8221;][et_pb_column type=&#8221;4_4&#8243; _builder_version=&#8221;3.12.2&#8243; parallax=&#8221;off&#8221; parallax_method=&#8221;on&#8221;][et_pb_image src=&#8221;http:\/\/catacargo.com\/cargasyencomiendas\/wp-content\/uploads\/2020\/10\/CR-21Asset-20.png&#8221; align=&#8221;center&#8221; _builder_version=&#8221;3.12.2&#8243; animation_style=&#8221;zoom&#8221;][\/et_pb_image][et_pb_text _builder_version=&#8221;3.12.2&#8243; text_font=&#8221;||||||||&#8221; header_font=&#8221;||||||||&#8221; header_text_color=&#8221;#e30613&#8243; header_4_font=&#8221;Source Sans Pro||||||||&#8221; header_4_text_align=&#8221;center&#8221; header_4_text_color=&#8221;#e30613&#8243; header_4_font_size=&#8221;34px&#8221; header_4_font_size_tablet=&#8221;24px&#8221; header_4_font_size_phone=&#8221;23px&#8221; header_4_font_size_last_edited=&#8221;on|phone&#8221;]<\/p>\n<h4>Conoc\u00e9 aqu\u00ed todos los detalles para realizar tus env\u00edos<\/h4>\n<p>[\/et_pb_text][et_pb_button button_url=&#8221;http:\/\/catacargo.com\/cargasyencomiendas\/wp-content\/uploads\/2020\/09\/CARGO_Terminos-y-condiciones_compressed.pdf&#8221; url_new_window=&#8221;on&#8221; button_text=&#8221;VER GU\u00cdA&#8221; button_alignment=&#8221;center&#8221; _builder_version=&#8221;3.12.2&#8243; custom_button=&#8221;on&#8221; button_text_color=&#8221;#ffffff&#8221; button_bg_color=&#8221;#e20613&#8243; button_border_color=&#8221;rgba(0,0,0,0)&#8221; button_font=&#8221;||||||||&#8221;][\/et_pb_button][\/et_pb_column][\/et_pb_row][\/et_pb_section][et_pb_section fb_built=&#8221;1&#8243; module_id=&#8221;contacto&#8221; _builder_version=&#8221;3.12.2&#8243; custom_padding=&#8221;0|0px|54px|0px|false|false&#8221;][et_pb_row _builder_version=&#8221;3.12.2&#8243;][et_pb_column type=&#8221;4_4&#8243; _builder_version=&#8221;3.12.2&#8243; parallax=&#8221;off&#8221; parallax_method=&#8221;on&#8221;][et_pb_text _builder_version=&#8221;3.12.2&#8243; text_font=&#8221;||||||||&#8221; header_font=&#8221;||||||||&#8221; header_text_color=&#8221;#e30613&#8243; header_4_font=&#8221;Source Sans Pro||||||||&#8221; header_4_text_align=&#8221;center&#8221; header_4_text_color=&#8221;#e30613&#8243; header_4_font_size=&#8221;34px&#8221;]<\/p>\n<h4>Dejanos tu consulta<\/h4>\n<p>[\/et_pb_text][et_pb_text _builder_version=&#8221;3.12.2&#8243; text_font=&#8221;||||||||&#8221; text_font_size=&#8221;22px&#8221; header_font=&#8221;||||||||&#8221; text_orientation=&#8221;center&#8221;]<\/p>\n<p>TE RESPONDEREMOS EN BREVE<\/p>\n<p>[\/et_pb_text][et_pb_contact_form captcha=&#8221;off&#8221; email=&#8221;consulta@catacargo.com&#8221; success_message=&#8221;\u00a1Gracias por tu consulta! Te responderemos a la brevedad&#8221; submit_button_text=&#8221;ENVIAR&#8221; form_background_color=&#8221;#ffffff&#8221; module_id=&#8221;et_pb_contact_form_0&#8243; _builder_version=&#8221;3.12.2&#8243; title_font=&#8221;Source Sans Pro||||||||&#8221; title_text_color=&#8221;#e02b20&#8243; form_field_font=&#8221;Source Sans Pro||||||||&#8221; form_field_text_color=&#8221;#E20613&#8243; form_field_font_size=&#8221;17px&#8221; border_width_all=&#8221;1px&#8221; border_color_all=&#8221;#e20613&#8243; custom_button=&#8221;on&#8221; button_text_size=&#8221;24px&#8221; button_text_color=&#8221;#e20613&#8243; button_border_width=&#8221;1px&#8221; button_font=&#8221;Source Sans Pro||||||||&#8221;][et_pb_contact_field field_id=&#8221;Nombre&#8221; field_title=&#8221;Nombre*&#8221; _builder_version=&#8221;3.12.2&#8243; border_radii=&#8221;on||||&#8221;][\/et_pb_contact_field][et_pb_contact_field field_id=&#8221;Provincia&#8221; field_title=&#8221;Provincia*&#8221; field_type=&#8221;email&#8221; _builder_version=&#8221;3.12.2&#8243; border_radii=&#8221;on||||&#8221;][\/et_pb_contact_field][et_pb_contact_field field_id=&#8221;Tel\u00e9fono&#8221; field_title=&#8221;Tel\u00e9fono*&#8221; field_type=&#8221;email&#8221; _builder_version=&#8221;3.12.2&#8243; border_radii=&#8221;on||||&#8221;][\/et_pb_contact_field][et_pb_contact_field field_id=&#8221;E-mail&#8221; field_title=&#8221;E-mail*&#8221; field_type=&#8221;email&#8221; _builder_version=&#8221;3.12.2&#8243; border_radii=&#8221;on||||&#8221;][\/et_pb_contact_field][et_pb_contact_field field_id=&#8221;Mensaje&#8221; field_title=&#8221;Mensaje*&#8221; field_type=&#8221;text&#8221; fullwidth_field=&#8221;on&#8221; _builder_version=&#8221;3.12.2&#8243; form_field_font=&#8221;||||||||&#8221; border_radii=&#8221;on||||&#8221;][\/et_pb_contact_field][\/et_pb_contact_form][\/et_pb_column][\/et_pb_row][et_pb_row _builder_version=&#8221;3.12.2&#8243;][et_pb_column type=&#8221;1_3&#8243; _builder_version=&#8221;3.12.2&#8243; parallax=&#8221;off&#8221; parallax_method=&#8221;on&#8221;][et_pb_image src=&#8221;http:\/\/catacargo.com\/cargasyencomiendas\/wp-content\/uploads\/2020\/10\/CR-WhatsappAsset-23.png&#8221; url=&#8221;https:\/\/api.whatsapp.com\/send?phone=5492616985866&#038;text=Hola!%20Quiero%20mas%20informacion&#8221; url_new_window=&#8221;on&#8221; _builder_version=&#8221;3.12.2&#8243; custom_margin=&#8221;38px|||&#8221; custom_margin_last_edited=&#8221;on|phone&#8221; animation_style=&#8221;zoom&#8221;][\/et_pb_image][\/et_pb_column][et_pb_column type=&#8221;2_3&#8243; _builder_version=&#8221;3.12.2&#8243; parallax=&#8221;off&#8221; parallax_method=&#8221;on&#8221;][et_pb_text _builder_version=&#8221;3.12.2&#8243; text_font=&#8221;Source Sans Pro||||||||&#8221; text_text_color=&#8221;#e30613&#8243; text_font_size=&#8221;30px&#8221; text_font_size_phone=&#8221;24px&#8221; text_font_size_last_edited=&#8221;on|phone&#8221; text_line_height_phone=&#8221;1em&#8221; text_line_height_last_edited=&#8221;on|desktop&#8221; header_font=&#8221;||||||||&#8221; text_orientation=&#8221;center&#8221; custom_margin=&#8221;12px|||&#8221;]<\/p>\n<p><span style=\"color: #e30613;\"><strong>Cotizaciones<\/strong>\u00a0\u00a0<\/span><\/p>\n<p><span style=\"color: #e30613;\"><a href=\"https:\/\/api.whatsapp.com\/send?phone=5492616985866&amp;text=Hola!%20Quiero%20mas%20informacion\" style=\"color: #e30613;\" target=\"_blank\" rel=\"noopener noreferrer\">+54 261 6985866\u00a0\u00a0\u00a0<span><\/span><\/a><\/span><span style=\"color: #ff0000;\"><a href=\"https:\/\/api.whatsapp.com\/send?phone=5492613076511&amp;text=Hola!%20Quiero%20mas%20informacion\" style=\"color: #ff0000;\" target=\"_blank\" rel=\"noopener noreferrer\">+54 261-3076511\u00a0<\/a><\/span><\/p>\n<p><span style=\"color: #ff0000;\"><b>Seguimiento<\/b><\/span><\/p>\n<p><a href=\"https:\/\/api.whatsapp.com\/send?phone=5492612483720&amp;text=Hola!%20Quiero%20mas%20informacion\" target=\"_blank\" rel=\"noopener noreferrer\"><span style=\"color: #ff0000;\">+54 261 2483720\u00a0\u00a0\u00a0<\/span><\/a><\/p>\n<p>Lunes a Viernes &#8211; 9.00 hs a 17.00 hs<\/p>\n<p>S\u00e1bados &#8211; 9.00 hs a 13.00 hs<\/p>\n<p>[\/et_pb_text][\/et_pb_column][\/et_pb_row][\/et_pb_section]<\/p>\n","protected":false},"excerpt":{"rendered":"<p>[et_pb_section fb_built=&#8221;1&#8243; disabled_on=&#8221;on|off|off&#8221; _builder_version=&#8221;3.12.2&#8243; background_image=&#8221;http:\/\/catacargo.com\/cargasyencomiendas\/wp-content\/uploads\/2020\/10\/CARGO-Back3.jpg&#8221; custom_padding=&#8221;656px|0px|0|0px|false|false&#8221;][et_pb_row _builder_version=&#8221;3.12.2&#8243;][et_pb_column type=&#8221;4_4&#8243; _builder_version=&#8221;3.12.2&#8243; parallax=&#8221;off&#8221; parallax_method=&#8221;on&#8221;][et_pb_text _builder_version=&#8221;3.12.2&#8243; header_font=&#8221;Source Sans Pro|700|||||||&#8221; header_text_align=&#8221;right&#8221; header_text_color=&#8221;#ffffff&#8221; header_font_size=&#8221;92px&#8221; header_text_shadow_style=&#8221;preset2&#8243; custom_margin=&#8221;-482px|||&#8221;] CATA CARGO [\/et_pb_text][et_pb_text _builder_version=&#8221;3.12.2&#8243; text_font=&#8221;||||||||&#8221; text_font_size=&#8221;15px&#8221; text_text_shadow_style=&#8221;preset2&#8243; header_font=&#8221;||||||||&#8221; header_2_font=&#8221;Source Sans Pro||||||||&#8221; header_2_text_align=&#8221;right&#8221; header_2_text_color=&#8221;#ffffff&#8221; header_2_font_size=&#8221;60px&#8221; header_2_font_size_tablet=&#8221;56px&#8221; header_2_font_size_phone=&#8221;41px&#8221; header_2_font_size_last_edited=&#8221;on|phone&#8221; header_2_text_shadow_style=&#8221;preset2&#8243; text_orientation=&#8221;right&#8221;] CARGAS Y ENCOMIENDAS [\/et_pb_text][\/et_pb_column][\/et_pb_row][et_pb_row _builder_version=&#8221;3.12.2&#8243;][et_pb_column type=&#8221;4_4&#8243; _builder_version=&#8221;3.12.2&#8243; parallax=&#8221;off&#8221; parallax_method=&#8221;on&#8221;][\/et_pb_column][\/et_pb_row][\/et_pb_section][et_pb_section fb_built=&#8221;1&#8243; disabled_on=&#8221;off|on|on&#8221; _builder_version=&#8221;3.12.2&#8243; background_image=&#8221;http:\/\/catacargo.com\/cargasyencomiendas\/wp-content\/uploads\/2020\/10\/CARGO-section-mobile03.png&#8221; custom_padding=&#8221;182px|0px|171px|0px|false|false&#8221;][et_pb_row custom_padding=&#8221;0|0px|30px|0px|false|false&#8221; _builder_version=&#8221;3.12.2&#8243;][et_pb_column [&hellip;]<\/p>\n","protected":false},"author":1,"featured_media":0,"parent":0,"menu_order":0,"comment_status":"closed","ping_status":"closed","template":"","meta":{"footnotes":""},"class_list":["post-361","page","type-page","status-publish","hentry"],"_links":{"self":[{"href":"https:\/\/catacargo.com\/cargasyencomiendas\/wp-json\/wp\/v2\/pages\/361","targetHints":{"allow":["GET"]}}],"collection":[{"href":"https:\/\/catacargo.com\/cargasyencomiendas\/wp-json\/wp\/v2\/pages"}],"about":[{"href":"https:\/\/catacargo.com\/cargasyencomiendas\/wp-json\/wp\/v2\/types\/page"}],"author":[{"embeddable":true,"href":"https:\/\/catacargo.com\/cargasyencomiendas\/wp-json\/wp\/v2\/users\/1"}],"replies":[{"embeddable":true,"href":"https:\/\/catacargo.com\/cargasyencomiendas\/wp-json\/wp\/v2\/comments?post=361"}],"version-history":[{"count":59,"href":"https:\/\/catacargo.com\/cargasyencomiendas\/wp-json\/wp\/v2\/pages\/361\/revisions"}],"predecessor-version":[{"id":873,"href":"https:\/\/catacargo.com\/cargasyencomiendas\/wp-json\/wp\/v2\/pages\/361\/revisions\/873"}],"wp:attachment":[{"href":"https:\/\/catacargo.com\/cargasyencomiendas\/wp-json\/wp\/v2\/media?parent=361"}],"curies":[{"name":"wp","href":"https:\/\/api.w.org\/{rel}","templated":true}]}}